{"id":10,"date":"2008-03-22T01:54:07","date_gmt":"2008-03-22T00:54:07","guid":{"rendered":"http:\/\/musiqueflexible.be\/?page_id=10"},"modified":"2023-12-13T18:14:10","modified_gmt":"2023-12-13T17:14:10","slug":"du-son","status":"publish","type":"page","link":"https:\/\/musiqueflexible.be\/?page_id=10","title":{"rendered":"Du son"},"content":{"rendered":"<p>extraits-montage du CD \u00ab\u00a0Musique Flexible\u00a0\u00bb en concert<br>pour le commander, utilisez la page <a href=\"http:\/\/musiqueflexible-be.preview-domain.com\/message.php\">CONTACT<\/a><br><iframe loading=\"lazy\" src=\"http:\/\/w.soundcloud.com\/player\/?url=http%3A%2F%2Fapi.soundcloud.com%2Ftracks%2F59948362&amp;show_artwork=true&amp;show_artwork=true&amp;callback=reqwest_0&amp;_=1347918951411\" width=\"100%\" height=\"166\" frameborder=\"no\" scrolling=\"no\"><\/iframe><\/p>\n<p>Sifflotit d\u00e9di\u00e9 \u00e0 Ma Queue J&rsquo;L&rsquo;Actionne au Moulin Fant\u00f4me le 10-07-09<\/p>\n<audio class=\"wp-audio-shortcode\" id=\"audio-10-1\" preload=\"none\" style=\"width: 100%;\" controls=\"controls\"><source type=\"audio\/mpeg\" src=\"http:\/\/musiqueflexible-be.preview-domain.com\/wp-content\/uploads\/2023\/12\/sifflotit.mp3?_=1\" \/><a href=\"http:\/\/musiqueflexible-be.preview-domain.com\/wp-content\/uploads\/2023\/12\/sifflotit.mp3\">http:\/\/musiqueflexible-be.preview-domain.com\/wp-content\/uploads\/2023\/12\/sifflotit.mp3<\/a><\/audio>\n<p>Hey Joe \u00e0 la f\u00eate de Pierreuse<\/p>\n<audio class=\"wp-audio-shortcode\" id=\"audio-10-2\" preload=\"none\" style=\"width: 100%;\" controls=\"controls\"><source type=\"audio\/mpeg\" src=\"http:\/\/musiqueflexible-be.preview-domain.com\/wp-content\/uploads\/2023\/12\/hey-joe-musiqueflexible-pierreuse-240508.mp3?_=2\" \/><a href=\"http:\/\/musiqueflexible-be.preview-domain.com\/wp-content\/uploads\/2023\/12\/hey-joe-musiqueflexible-pierreuse-240508.mp3\">http:\/\/musiqueflexible-be.preview-domain.com\/wp-content\/uploads\/2023\/12\/hey-joe-musiqueflexible-pierreuse-240508.mp3<\/a><\/audio>\n<p><img loading=\"lazy\" decoding=\"async\" class=\"alignnone  wp-image-83\" src=\"http:\/\/musiqueflexible-be.preview-domain.com\/wp-content\/uploads\/2009\/06\/montage-300x200.jpg\" alt=\"\" width=\"750\" height=\"500\" srcset=\"https:\/\/musiqueflexible.be\/wp-content\/uploads\/2009\/06\/montage-300x200.jpg 300w, https:\/\/musiqueflexible.be\/wp-content\/uploads\/2009\/06\/montage.jpg 500w\" sizes=\"auto, (max-width: 750px) 100vw, 750px\" \/><\/p>\n\n\n<p>Photo d&rsquo;Ariane Bratz<\/p>\n","protected":false},"excerpt":{"rendered":"<p>extraits-montage du CD \u00ab\u00a0Musique Flexible\u00a0\u00bb en concertpour le commander, utilisez la page CONTACT Sifflotit d\u00e9di\u00e9 \u00e0 Ma Queue J&rsquo;L&rsquo;Actionne au Moulin Fant\u00f4me le 10-07-09 Hey Joe \u00e0 la f\u00eate de Pierreuse Photo d&rsquo;Ariane Bratz<\/p>\n","protected":false},"author":2,"featured_media":0,"parent":0,"menu_order":0,"comment_status":"open","ping_status":"open","template":"","meta":{"ngg_post_thumbnail":0,"footnotes":""},"class_list":["post-10","page","type-page","status-publish","hentry","post-preview"],"_links":{"self":[{"href":"https:\/\/musiqueflexible.be\/index.php?rest_route=\/wp\/v2\/pages\/10","targetHints":{"allow":["GET"]}}],"collection":[{"href":"https:\/\/musiqueflexible.be\/index.php?rest_route=\/wp\/v2\/pages"}],"about":[{"href":"https:\/\/musiqueflexible.be\/index.php?rest_route=\/wp\/v2\/types\/page"}],"author":[{"embeddable":true,"href":"https:\/\/musiqueflexible.be\/index.php?rest_route=\/wp\/v2\/users\/2"}],"replies":[{"embeddable":true,"href":"https:\/\/musiqueflexible.be\/index.php?rest_route=%2Fwp%2Fv2%2Fcomments&post=10"}],"version-history":[{"count":3,"href":"https:\/\/musiqueflexible.be\/index.php?rest_route=\/wp\/v2\/pages\/10\/revisions"}],"predecessor-version":[{"id":408,"href":"https:\/\/musiqueflexible.be\/index.php?rest_route=\/wp\/v2\/pages\/10\/revisions\/408"}],"wp:attachment":[{"href":"https:\/\/musiqueflexible.be\/index.php?rest_route=%2Fwp%2Fv2%2Fmedia&parent=10"}],"curies":[{"name":"wp","href":"https:\/\/api.w.org\/{rel}","templated":true}]}}